{"id":1013,"date":"2023-07-07T11:09:59","date_gmt":"2023-07-07T11:09:59","guid":{"rendered":"https:\/\/betouco.com\/?page_id=1013"},"modified":"2024-05-14T04:28:37","modified_gmt":"2024-05-14T04:28:37","slug":"school-football-world-cup-3","status":"publish","type":"page","link":"https:\/\/betouco.com\/es\/school-football-world-cup-3\/","title":{"rendered":"Schools Football World Cup 2021"},"content":{"rendered":"\n<div class=\"wp-block-uagb-container uagb-block-0g2rh6lc alignfull uagb-is-root-container\">\n<div class=\"wp-block-uagb-container uagb-block-jy9wsnlx\">\n<div class=\"wp-block-uagb-info-box uagb-block-ucgkk4fy uagb-infobox__content-wrap  uagb-infobox-icon-above-title uagb-infobox-image-valign-top\"><div class=\"uagb-ifb-content\"><div class=\"uagb-ifb-title-wrap\"><h1 class=\"uagb-ifb-title\">Schools World Cup Marbella 2021<\/h1><\/div><p class=\"uagb-ifb-desc\">Best Tournaments Company celebr\u00f3 su primer Schools Football World Cup en el a\u00f1o 2021 entre los d\u00edas 28 y 31 de octubre. 30 equipos procedentes de 4 colegios internacionales disfrutaron de una experiencia \u00fanica en la vida de sus alumnos en Marbella gracias a su participaci\u00f3n en el SFWC.<\/p><\/div><\/div>\n<\/div>\n\n\n\n<div class=\"wp-block-uagb-container uagb-block-ktc9m5pc\"><\/div>\n<\/div>\n\n\n\n<div class=\"wp-block-uagb-container uagb-block-pfmzb9no alignfull uagb-is-root-container\"><div class=\"uagb-container-inner-blocks-wrap\">\n<div class=\"wp-block-uagb-container uagb-block-uncikrut\">\n<div class=\"wp-block-uagb-container uagb-block-ussfqs64\">\n<div class=\"wp-block-uagb-image alignleft uagb-block-xtqpxsmz wp-block-uagb-image--layout-default wp-block-uagb-image--effect-static wp-block-uagb-image--align-left\"><figure class=\"wp-block-uagb-image__figure\"><img decoding=\"async\" data-srcset=\"https:\/\/betouco.com\/wp-content\/uploads\/2023\/02\/MG_6886-1024x683.jpg ,https:\/\/betouco.com\/wp-content\/uploads\/2023\/02\/MG_6886-scaled.jpg 780w, https:\/\/betouco.com\/wp-content\/uploads\/2023\/02\/MG_6886-scaled.jpg 360w\" data-sizes=\"auto, (max-width: 480px) 150px\" data-src=\"https:\/\/betouco.com\/wp-content\/uploads\/2023\/02\/MG_6886-1024x683.jpg\" alt=\"\" class=\"uag-image-758 lazyload\" width=\"600\" height=\"450\" title=\"MG_6886\" role=\"img\" src=\"data:image\/svg+xml;base64,PHN2ZyB3aWR0aD0iMSIgaGVpZ2h0PSIxIiB4bWxucz0iaHR0cDovL3d3dy53My5vcmcvMjAwMC9zdmciPjwvc3ZnPg==\" style=\"--smush-placeholder-width: 600px; --smush-placeholder-aspect-ratio: 600\/450;\" \/><\/figure><\/div>\n<\/div>\n\n\n\n<div class=\"wp-block-uagb-container uagb-block-tgfwoyaj\">\n<div class=\"wp-block-uagb-info-box uagb-block-rgoam9vm uagb-infobox__content-wrap  uagb-infobox-icon-above-title uagb-infobox-image-valign-top\"><div class=\"uagb-ifb-content\"><div class=\"uagb-ifb-title-wrap\"><h3 class=\"uagb-ifb-title\">Las mejores escuelas del mundo<\/h3><\/div><p class=\"uagb-ifb-desc\">El objetivo que persigui\u00f3 Best Tournaments Company desde un principio fue el de brindar a los m\u00e1s peque\u00f1os la posibilidad de vivir unos d\u00edas inolvidables en una experiencia exclusiva entre sus desplazamientos escolares. <br><br>Durante los cuatro d\u00edas que dur\u00f3 el campeonato, Marbella se convirti\u00f3 en la capital del f\u00fatbol infantil, colocando la Costa del Sol en el mapa de las familias de los m\u00e1s de 1.000 ni\u00f1os y ni\u00f1as de 30 nacionalidades diferentes participantes.<\/p><\/div><\/div>\n<\/div>\n\n\n\n<div class=\"wp-block-uagb-container uagb-block-tvdb4hck\">\n<div class=\"wp-block-uagb-info-box uagb-block-gmhfpvkm uagb-infobox__content-wrap  uagb-infobox-icon-above-title uagb-infobox-image-valign-top\"><div class=\"uagb-ifb-content\"><div class=\"uagb-ifb-title-wrap\"><h3 class=\"uagb-ifb-title\">No s\u00f3lo f\u00fatbol<\/h3><\/div><p class=\"uagb-ifb-desc\"><mark style=\"background-color:rgba(0, 0, 0, 0);color:#545454\" class=\"has-inline-color\">Adem\u00e1s del desarrollo de actividades propias del torneo, como las futbol\u00edsticas y las de sostenibilidad, los dos pilares fundamentales del torneo, se llevaron a cabo diferentes visitas tur\u00edsticas a ciudades hist\u00f3ricas espa\u00f1olas como Granada, Sevilla o C\u00f3rdoba.<\/mark><br><br>Tambi\u00e9n se realizaron entrenamientos de f\u00fatbol y se particip\u00f3 en los clinics de verano de la Fundaci\u00f3n Real Madrid, ya fuera en los d\u00edas previos o posteriores a la disputa del Schools Football World Cup.<br><\/p><\/div><\/div>\n\n\n\n<figure class=\"wp-block-image size-full\"><img decoding=\"async\" width=\"940\" height=\"331\" data-src=\"http:\/\/betouco.com\/wp-content\/uploads\/2023\/06\/fundacion_logo-mobile.png\" alt=\"\" class=\"wp-image-994 lazyload\" data-srcset=\"https:\/\/betouco.com\/wp-content\/uploads\/2023\/06\/fundacion_logo-mobile.png 940w, https:\/\/betouco.com\/wp-content\/uploads\/2023\/06\/fundacion_logo-mobile-300x106.png 300w, https:\/\/betouco.com\/wp-content\/uploads\/2023\/06\/fundacion_logo-mobile-768x270.png 768w\" data-sizes=\"(max-width: 940px) 100vw, 940px\" src=\"data:image\/svg+xml;base64,PHN2ZyB3aWR0aD0iMSIgaGVpZ2h0PSIxIiB4bWxucz0iaHR0cDovL3d3dy53My5vcmcvMjAwMC9zdmciPjwvc3ZnPg==\" style=\"--smush-placeholder-width: 940px; --smush-placeholder-aspect-ratio: 940\/331;\" \/><\/figure>\n<\/div>\n\n\n\n<div class=\"wp-block-uagb-container uagb-block-7ciythqb\">\n<div class=\"wp-block-uagb-image alignleft uagb-block-bpwdi3sh wp-block-uagb-image--layout-default wp-block-uagb-image--effect-static wp-block-uagb-image--align-left\"><figure class=\"wp-block-uagb-image__figure\"><img decoding=\"async\" data-srcset=\"https:\/\/betouco.com\/wp-content\/uploads\/2023\/02\/Bosque-3-1-2.jpeg ,https:\/\/betouco.com\/wp-content\/uploads\/2023\/02\/Bosque-3-1-2.jpeg 780w, https:\/\/betouco.com\/wp-content\/uploads\/2023\/02\/Bosque-3-1-2.jpeg 360w\" data-sizes=\"auto, (max-width: 480px) 150px\" data-src=\"https:\/\/betouco.com\/wp-content\/uploads\/2023\/02\/Bosque-3-1-2.jpeg\" alt=\"\" class=\"uag-image-775 lazyload\" width=\"600\" height=\"450\" title=\"Bosque-3-1-2\" role=\"img\" src=\"data:image\/svg+xml;base64,PHN2ZyB3aWR0aD0iMSIgaGVpZ2h0PSIxIiB4bWxucz0iaHR0cDovL3d3dy53My5vcmcvMjAwMC9zdmciPjwvc3ZnPg==\" style=\"--smush-placeholder-width: 600px; --smush-placeholder-aspect-ratio: 600\/450;\" \/><\/figure><\/div>\n<\/div>\n\n\n\n<div class=\"wp-block-uagb-container uagb-block-9ya1wlvs\">\n<div class=\"wp-block-uagb-image alignleft uagb-block-fspwynww wp-block-uagb-image--layout-default wp-block-uagb-image--effect-static wp-block-uagb-image--align-left\"><figure class=\"wp-block-uagb-image__figure\"><img decoding=\"async\" data-srcset=\"https:\/\/betouco.com\/wp-content\/uploads\/2024\/05\/hoteles-marbella-1024x768.webp ,https:\/\/betouco.com\/wp-content\/uploads\/2024\/05\/hoteles-marbella.webp 780w, https:\/\/betouco.com\/wp-content\/uploads\/2024\/05\/hoteles-marbella.webp 360w\" data-sizes=\"auto, (max-width: 480px) 150px\" data-src=\"https:\/\/betouco.com\/wp-content\/uploads\/2024\/05\/hoteles-marbella-1024x768.webp\" alt=\"\" class=\"uag-image-1934 lazyload\" width=\"600\" height=\"450\" title=\"hoteles-marbella\" role=\"img\" src=\"data:image\/svg+xml;base64,PHN2ZyB3aWR0aD0iMSIgaGVpZ2h0PSIxIiB4bWxucz0iaHR0cDovL3d3dy53My5vcmcvMjAwMC9zdmciPjwvc3ZnPg==\" style=\"--smush-placeholder-width: 600px; --smush-placeholder-aspect-ratio: 600\/450;\" \/><\/figure><\/div>\n<\/div>\n\n\n\n<div class=\"wp-block-uagb-container uagb-block-3n1mkegw\">\n<div class=\"wp-block-uagb-info-box uagb-block-b07gfk1o uagb-infobox__content-wrap  uagb-infobox-icon-above-title uagb-infobox-image-valign-top\"><div class=\"uagb-ifb-content\"><div class=\"uagb-ifb-title-wrap\"><p class=\"uagb-ifb-title-prefix\"><strong>Hotel Bluebay Ban\u00fas 4*<\/strong> y <strong><mark style=\"background-color:rgba(0, 0, 0, 0);color:#545454\" class=\"has-inline-color\">Hotel Bluebay Ban\u00fas 4* <\/mark>y Hotel Barcel\u00f3 Marbella****<\/strong><br><\/p><h3 class=\"uagb-ifb-title\">\u00bfD\u00f3nde nos alojamos?<\/h3><\/div><p class=\"uagb-ifb-desc\">El <strong>Hotel BlueBay Ban\u00fas <\/strong>se encuentra en la exclusiva zona de Puerto Ban\u00fas, a solo unos metros de la playa y a 7 km del centro de Marbella.<br><br>El Hotel Barcel\u00f3 Marbella es un recinto con estilo colonial ubicado en Guadalmina, una de las zonas m\u00e1s exclusivas de Marbella. La amplitud y la luminosidad de sus habitaciones, con un excelente servicio, garantiz\u00f3 una confortable estancia. El hotel tambi\u00e9n contaba con gimnasio, sauna, solarium y ba\u00f1o turco.<\/p><\/div><\/div>\n<\/div>\n<\/div>\n<\/div><\/div>\n\n\n\n<div class=\"wp-block-uagb-container uagb-block-46394de7 alignfull uagb-is-root-container\"><div class=\"uagb-container-inner-blocks-wrap\">\n<div class=\"wp-block-uagb-info-box uagb-block-a2d703bc uagb-infobox__content-wrap  uagb-infobox-icon-above-title uagb-infobox-image-valign-top\"><div class=\"uagb-ifb-content\"><div class=\"uagb-ifb-title-wrap\"><h2 class=\"uagb-ifb-title\">Inscr\u00edbete<br>School World Cup 2024<\/h2><\/div><p class=\"uagb-ifb-desc\">Una gran fiesta con el f\u00fatbol como actor principal, rodeado de grandes e incre\u00edbles sorpresas en Marbella.<br><a href=\"https:\/\/websitedemos.net\/lotus-spa-02\/services\/?brainstormforce=pTXyytedV9E9TFhT#\" target=\"_blank\" rel=\"noopener\"><\/a><\/p><\/div><\/div>\n\n\n\n<div class=\"wp-block-uagb-buttons uagb-buttons__outer-wrap uagb-btn__default-btn uagb-btn-tablet__default-btn uagb-btn-mobile__default-btn uagb-block-51669df0\"><div class=\"uagb-buttons__wrap uagb-buttons-layout-wrap \">\n<div class=\"wp-block-uagb-buttons-child uagb-buttons__outer-wrap uagb-block-82da3f27 wp-block-button\"><div class=\"uagb-button__wrapper\"><a class=\"uagb-buttons-repeater wp-block-button__link\" aria-label=\"\" href=\"\/marbella-2024\" rel=\"follow noopener\" target=\"_self\"><span class=\"uagb-button__icon uagb-button__icon-position-before\"><svg xmlns=\"https:\/\/www.w3.org\/2000\/svg\" viewBox=\"0 0 448 512\" aria-hidden=\"true\" focussable=\"false\"><path d=\"M96 32C96 14.33 110.3 0 128 0C145.7 0 160 14.33 160 32V64H288V32C288 14.33 302.3 0 320 0C337.7 0 352 14.33 352 32V64H400C426.5 64 448 85.49 448 112V160H0V112C0 85.49 21.49 64 48 64H96V32zM448 464C448 490.5 426.5 512 400 512H48C21.49 512 0 490.5 0 464V192H448V464z\"><\/path><\/svg><\/span><div class=\"uagb-button__link\">Edici\u00f3n marbella 2024<\/div><\/a><\/div><\/div>\n<\/div><\/div>\n<\/div><\/div>\n","protected":false},"excerpt":{"rendered":"","protected":false},"author":1,"featured_media":0,"parent":0,"menu_order":0,"comment_status":"closed","ping_status":"closed","template":"","meta":{"_uag_custom_page_level_css":"","site-sidebar-layout":"default","site-content-layout":"","ast-site-content-layout":"full-width-container","site-content-style":"default","site-sidebar-style":"default","ast-global-header-display":"","ast-banner-title-visibility":"","ast-main-header-display":"","ast-hfb-above-header-display":"","ast-hfb-below-header-display":"","ast-hfb-mobile-header-display":"","site-post-title":"disabled","ast-breadcrumbs-content":"","ast-featured-img":"","footer-sml-layout":"","theme-transparent-header-meta":"","adv-header-id-meta":"","stick-header-meta":"","header-above-stick-meta":"","header-main-stick-meta":"","header-below-stick-meta":"","astra-migrate-meta-layouts":"set","ast-page-background-enabled":"default","ast-page-background-meta":{"desktop":{"background-color":"var(--ast-global-color-4)","background-image":"","background-repeat":"repeat","background-position":"center center","background-size":"auto","background-attachment":"scroll","background-type":"","background-media":"","overlay-type":"","overlay-color":"","overlay-opacity":"","overlay-gradient":""},"tablet":{"background-color":"","background-image":"","background-repeat":"repeat","background-position":"center center","background-size":"auto","background-attachment":"scroll","background-type":"","background-media":"","overlay-type":"","overlay-color":"","overlay-opacity":"","overlay-gradient":""},"mobile":{"background-color":"","background-image":"","background-repeat":"repeat","background-position":"center center","background-size":"auto","background-attachment":"scroll","background-type":"","background-media":"","overlay-type":"","overlay-color":"","overlay-opacity":"","overlay-gradient":""}},"ast-content-background-meta":{"desktop":{"background-color":"var(--ast-global-color-5)","background-image":"","background-repeat":"repeat","background-position":"center center","background-size":"auto","background-attachment":"scroll","background-type":"","background-media":"","overlay-type":"","overlay-color":"","overlay-opacity":"","overlay-gradient":""},"tablet":{"background-color":"var(--ast-global-color-5)","background-image":"","background-repeat":"repeat","background-position":"center center","background-size":"auto","background-attachment":"scroll","background-type":"","background-media":"","overlay-type":"","overlay-color":"","overlay-opacity":"","overlay-gradient":""},"mobile":{"background-color":"var(--ast-global-color-5)","background-image":"","background-repeat":"repeat","background-position":"center center","background-size":"auto","background-attachment":"scroll","background-type":"","background-media":"","overlay-type":"","overlay-color":"","overlay-opacity":"","overlay-gradient":""}},"_joinchat":[],"footnotes":""},"class_list":["post-1013","page","type-page","status-publish","hentry"],"uagb_featured_image_src":{"full":false,"thumbnail":false,"medium":false,"medium_large":false,"large":false,"1536x1536":false,"2048x2048":false},"uagb_author_info":{"display_name":"admin","author_link":"https:\/\/betouco.com\/es\/author\/admin\/"},"uagb_comment_info":0,"uagb_excerpt":null,"_links":{"self":[{"href":"https:\/\/betouco.com\/es\/wp-json\/wp\/v2\/pages\/1013","targetHints":{"allow":["GET"]}}],"collection":[{"href":"https:\/\/betouco.com\/es\/wp-json\/wp\/v2\/pages"}],"about":[{"href":"https:\/\/betouco.com\/es\/wp-json\/wp\/v2\/types\/page"}],"author":[{"embeddable":true,"href":"https:\/\/betouco.com\/es\/wp-json\/wp\/v2\/users\/1"}],"replies":[{"embeddable":true,"href":"https:\/\/betouco.com\/es\/wp-json\/wp\/v2\/comments?post=1013"}],"version-history":[{"count":5,"href":"https:\/\/betouco.com\/es\/wp-json\/wp\/v2\/pages\/1013\/revisions"}],"predecessor-version":[{"id":1936,"href":"https:\/\/betouco.com\/es\/wp-json\/wp\/v2\/pages\/1013\/revisions\/1936"}],"wp:attachment":[{"href":"https:\/\/betouco.com\/es\/wp-json\/wp\/v2\/media?parent=1013"}],"curies":[{"name":"wp","href":"https:\/\/api.w.org\/{rel}","templated":true}]}}