{"id":102,"date":"2021-01-18T15:34:12","date_gmt":"2021-01-18T15:34:12","guid":{"rendered":"https:\/\/betouco.com\/web\/?page_id=102"},"modified":"2025-09-22T07:45:11","modified_gmt":"2025-09-22T07:45:11","slug":"school-football-world-cup","status":"publish","type":"page","link":"https:\/\/betouco.com\/es\/school-football-world-cup\/","title":{"rendered":"Schools Football World Cup 2022"},"content":{"rendered":"\n<div class=\"wp-block-uagb-container uagb-block-0g2rh6lc alignfull uagb-is-root-container\">\n<div class=\"wp-block-uagb-container uagb-block-jy9wsnlx\">\n<div class=\"wp-block-uagb-info-box uagb-block-ucgkk4fy uagb-infobox__content-wrap  uagb-infobox-icon-above-title uagb-infobox-image-valign-top\"><div class=\"uagb-ifb-content\"><div class=\"uagb-ifb-title-wrap\"><h1 class=\"uagb-ifb-title\">Schools World Cup Marbella 2022<\/h1><\/div><p class=\"uagb-ifb-desc\">Del <strong>27 al 30 de octubre de 2022<\/strong>, la Copa Mundial de F\u00fatbol de Colegios convirti\u00f3 a Marbella en la capital del f\u00fatbol infantil. Los equipos de 30 colegios en cada una de las 4 categor\u00edas de edad diferentes viajaron a Marbella para competir por ser el ganador de la SFWC.<\/p><\/div><\/div>\n<\/div>\n\n\n\n<div class=\"wp-block-uagb-container uagb-block-ktc9m5pc\"><\/div>\n<\/div>\n\n\n\n<div class=\"wp-block-uagb-container uagb-block-5c70ba37 alignfull uagb-is-root-container\"><div class=\"uagb-container-inner-blocks-wrap\">\n<div class=\"wp-block-uagb-info-box uagb-block-tpgaglw9 uagb-infobox__content-wrap  uagb-infobox-icon-above-title uagb-infobox-image-valign-top\"><div class=\"uagb-ifb-content\"><div class=\"uagb-ifb-title-wrap\"><h2 class=\"uagb-ifb-title\">\u00a1Revive la SWC 2022!<\/h2><\/div><\/div><\/div>\n\n\n\n<div class=\"wp-block-uagb-container uagb-block-2acfc436\">\n<figure style=\"padding-top:0;padding-right:0;padding-bottom:0;padding-left:0\" class=\"wp-block-video\"><video controls src=\"http:\/\/betouco.com\/wp-content\/uploads\/2023\/02\/WhatsApp-Video-2023-02-13-at-16.51.26.mp4\"><\/video><\/figure>\n<\/div>\n<\/div><\/div>\n\n\n\n<div class=\"wp-block-uagb-container uagb-block-pfmzb9no alignfull uagb-is-root-container\"><div class=\"uagb-container-inner-blocks-wrap\">\n<div class=\"wp-block-uagb-container uagb-block-uncikrut\">\n<div class=\"wp-block-uagb-container uagb-block-ussfqs64\">\n<div class=\"wp-block-uagb-image alignleft uagb-block-xtqpxsmz wp-block-uagb-image--layout-default wp-block-uagb-image--effect-static wp-block-uagb-image--align-left\"><figure class=\"wp-block-uagb-image__figure\"><img decoding=\"async\" data-srcset=\"https:\/\/betouco.com\/wp-content\/uploads\/2023\/06\/2c2b6308-5a63-445c-ac37-59e13de47d83_16-9-aspect-ratio_default_0.jpg ,https:\/\/betouco.com\/wp-content\/uploads\/2023\/06\/2c2b6308-5a63-445c-ac37-59e13de47d83_16-9-aspect-ratio_default_0.jpg 780w, https:\/\/betouco.com\/wp-content\/uploads\/2023\/06\/2c2b6308-5a63-445c-ac37-59e13de47d83_16-9-aspect-ratio_default_0.jpg 360w\" data-sizes=\"auto, (max-width: 480px) 150px\" data-src=\"https:\/\/betouco.com\/wp-content\/uploads\/2023\/06\/2c2b6308-5a63-445c-ac37-59e13de47d83_16-9-aspect-ratio_default_0.jpg\" alt=\"\" class=\"uag-image-902 lazyload\" width=\"600\" height=\"450\" title=\"2c2b6308-5a63-445c-ac37-59e13de47d83_16-9-aspect-ratio_default_0\" role=\"img\" src=\"data:image\/svg+xml;base64,PHN2ZyB3aWR0aD0iMSIgaGVpZ2h0PSIxIiB4bWxucz0iaHR0cDovL3d3dy53My5vcmcvMjAwMC9zdmciPjwvc3ZnPg==\" style=\"--smush-placeholder-width: 600px; --smush-placeholder-aspect-ratio: 600\/450;\" \/><\/figure><\/div>\n<\/div>\n\n\n\n<div class=\"wp-block-uagb-container uagb-block-tgfwoyaj\">\n<div class=\"wp-block-uagb-info-box uagb-block-rgoam9vm uagb-infobox__content-wrap  uagb-infobox-icon-above-title uagb-infobox-image-valign-top\"><div class=\"uagb-ifb-content\"><div class=\"uagb-ifb-title-wrap\"><h3 class=\"uagb-ifb-title\">\u00bfD\u00f3nde se jugaron los partidos?<\/h3><\/div><p class=\"uagb-ifb-desc\"><mark style=\"background-color:rgba(0, 0, 0, 0);color:#545454\" class=\"has-inline-color\">Contamos con los complejos deportivos \u2018Estadio Municipal de Atletismo de Estepona\u2019 y el \u2018Estadio Municipal de F\u00fatbol Francisco Mu\u00f1oz P\u00e9rez, donde disputa sus encuentros como local el Uni\u00f3n Estepona CF.<\/mark><\/p><\/div><\/div>\n<\/div>\n\n\n\n<div class=\"wp-block-uagb-container uagb-block-tvdb4hck\">\n<div class=\"wp-block-uagb-info-box uagb-block-gmhfpvkm uagb-infobox__content-wrap  uagb-infobox-icon-above-title uagb-infobox-image-valign-top\"><div class=\"uagb-ifb-content\"><div class=\"uagb-ifb-title-wrap\"><h3 class=\"uagb-ifb-title\">No s\u00f3lo f\u00fatbol<\/h3><\/div><p class=\"uagb-ifb-desc\">Mientras el campeonato segu\u00eda su curso, la Fundaci\u00f3n BTC organiz\u00f3 actividades dirigidas al desarrollo de los conocimientos de los j\u00f3venes y su formaci\u00f3n. <br><br>Entre las actividades m\u00e1s destacadas, se llev\u00f3 a cabo la reforestaci\u00f3n de bosques y la limpieza de playas. <br><br>Tambi\u00e9n se impuls\u00f3 un concurso de ideas innovadoras que fomentaron el desarrollo de todas estas iniciativas. <br><br>La concienciaci\u00f3n del medio ambiente sostenible fue nuestro gran objetivo en esta primera edici\u00f3n.<\/p><\/div><\/div>\n<\/div>\n\n\n\n<div class=\"wp-block-uagb-container uagb-block-7ciythqb\">\n<div class=\"wp-block-uagb-image alignleft uagb-block-bpwdi3sh wp-block-uagb-image--layout-default wp-block-uagb-image--effect-static wp-block-uagb-image--align-left\"><figure class=\"wp-block-uagb-image__figure\"><img decoding=\"async\" data-srcset=\"https:\/\/betouco.com\/wp-content\/uploads\/2023\/02\/Bosque-3-1-2.jpeg ,https:\/\/betouco.com\/wp-content\/uploads\/2023\/02\/Bosque-3-1-2.jpeg 780w, https:\/\/betouco.com\/wp-content\/uploads\/2023\/02\/Bosque-3-1-2.jpeg 360w\" data-sizes=\"auto, (max-width: 480px) 150px\" data-src=\"https:\/\/betouco.com\/wp-content\/uploads\/2023\/02\/Bosque-3-1-2.jpeg\" alt=\"\" class=\"uag-image-775 lazyload\" width=\"600\" height=\"450\" title=\"Bosque-3-1-2\" role=\"img\" src=\"data:image\/svg+xml;base64,PHN2ZyB3aWR0aD0iMSIgaGVpZ2h0PSIxIiB4bWxucz0iaHR0cDovL3d3dy53My5vcmcvMjAwMC9zdmciPjwvc3ZnPg==\" style=\"--smush-placeholder-width: 600px; --smush-placeholder-aspect-ratio: 600\/450;\" \/><\/figure><\/div>\n<\/div>\n\n\n\n<div class=\"wp-block-uagb-container uagb-block-9ya1wlvs\">\n<div class=\"wp-block-uagb-image alignleft uagb-block-fspwynww wp-block-uagb-image--layout-default wp-block-uagb-image--effect-static wp-block-uagb-image--align-left\"><figure class=\"wp-block-uagb-image__figure\"><img decoding=\"async\" data-srcset=\"https:\/\/betouco.com\/wp-content\/uploads\/2024\/05\/image.jpg ,https:\/\/betouco.com\/wp-content\/uploads\/2024\/05\/image.jpg 780w, https:\/\/betouco.com\/wp-content\/uploads\/2024\/05\/image.jpg 360w\" data-sizes=\"auto, (max-width: 480px) 150px\" data-src=\"https:\/\/betouco.com\/wp-content\/uploads\/2024\/05\/image.jpg\" alt=\"bluebay banus marbella\" class=\"uag-image-1878 lazyload\" width=\"600\" height=\"450\" title=\"image\" role=\"img\" src=\"data:image\/svg+xml;base64,PHN2ZyB3aWR0aD0iMSIgaGVpZ2h0PSIxIiB4bWxucz0iaHR0cDovL3d3dy53My5vcmcvMjAwMC9zdmciPjwvc3ZnPg==\" style=\"--smush-placeholder-width: 600px; --smush-placeholder-aspect-ratio: 600\/450;\" \/><\/figure><\/div>\n<\/div>\n\n\n\n<div class=\"wp-block-uagb-container uagb-block-3n1mkegw\">\n<div class=\"wp-block-uagb-info-box uagb-block-b07gfk1o uagb-infobox__content-wrap  uagb-infobox-icon-above-title uagb-infobox-image-valign-top\"><div class=\"uagb-ifb-content\"><div class=\"uagb-ifb-title-wrap\"><p class=\"uagb-ifb-title-prefix\"><strong>Hotel Bluebay Ban\u00fas 4*<\/strong><br><\/p><h3 class=\"uagb-ifb-title\">\u00bfD\u00f3nde nos alojamos?<\/h3><\/div><p class=\"uagb-ifb-desc\">El <strong>Hotel BlueBay Ban\u00fas <\/strong>se encuentra en la exclusiva zona de Puerto Ban\u00fas, a solo unos metros de la playa y a 7 km del centro de Marbella.<br><br>El hotel se extiende sobre un \u00e1rea de m\u00e1s de 28.000 metros cuadrados de frondosos y espectaculares jardines subtropicales, piscinas y estanques que hacen del hotel un oasis en el coraz\u00f3n del Mediterr\u00e1neo<\/p><\/div><\/div>\n<\/div>\n<\/div>\n<\/div><\/div>\n\n\n\n<div class=\"wp-block-uagb-container uagb-block-uzmjmkcb alignfull uagb-is-root-container\"><div class=\"uagb-container-inner-blocks-wrap\">\n<div class=\"wp-block-uagb-info-box uagb-block-vungummy uagb-infobox__content-wrap  uagb-infobox-icon-above-title uagb-infobox-image-valign-top\"><div class=\"uagb-ifb-content\"><div class=\"uagb-ifb-title-wrap\"><p class=\"uagb-ifb-title-prefix\">CATEGOR\u00cdAS<\/p><h2 class=\"uagb-ifb-title\">\u00bfQu\u00e9 categor\u00edas participaron?<\/h2><\/div><p class=\"uagb-ifb-desc\">Tuvimos 4 categor\u00edas (U11, U13, U15, U17) masculino, mixto y femenino.<\/p><\/div><\/div>\n\n\n\n<div class=\"wp-block-uagb-container uagb-block-7yex7rwj\">\n<div class=\"wp-block-uagb-container uagb-block-vonxhpao\">\n<figure class=\"wp-block-table aligncenter is-style-regular has-medium-font-size\"><table class=\"has-ast-global-color-2-color has-ast-global-color-5-background-color has-text-color has-background has-link-color has-border-color has-ast-global-color-0-border-color has-fixed-layout\" style=\"border-style:dotted;border-width:2px\"><thead><tr><th class=\"has-text-align-center\" data-align=\"center\">Categor\u00eda<\/th><th class=\"has-text-align-center\" data-align=\"center\">A\u00f1o de nacimiento<\/th><\/tr><\/thead><tbody><tr><td class=\"has-text-align-center\" data-align=\"center\">U10<\/td><td class=\"has-text-align-center\" data-align=\"center\">2011 &amp; 2012<\/td><\/tr><tr><td class=\"has-text-align-center\" data-align=\"center\">U13<\/td><td class=\"has-text-align-center\" data-align=\"center\">2009 &amp; 2010<\/td><\/tr><tr><td class=\"has-text-align-center\" data-align=\"center\">U15<\/td><td class=\"has-text-align-center\" data-align=\"center\">2007 &amp; 2008<\/td><\/tr><tr><td class=\"has-text-align-center\" data-align=\"center\">U17<\/td><td class=\"has-text-align-center\" data-align=\"center\">2005 &amp; 2006<\/td><\/tr><\/tbody><\/table><\/figure>\n<\/div>\n<\/div>\n<\/div><\/div>\n\n\n\n<div class=\"wp-block-uagb-container uagb-block-46394de7 alignfull uagb-is-root-container\"><div class=\"uagb-container-inner-blocks-wrap\">\n<div class=\"wp-block-uagb-info-box uagb-block-a2d703bc uagb-infobox__content-wrap  uagb-infobox-icon-above-title uagb-infobox-image-valign-top\"><div class=\"uagb-ifb-content\"><div class=\"uagb-ifb-title-wrap\"><h2 class=\"uagb-ifb-title\">Inscr\u00edbete<br>School World Cup 2026<\/h2><\/div><p class=\"uagb-ifb-desc\">Una gran fiesta con el f\u00fatbol como actor principal, rodeado de grandes e incre\u00edbles sorpresas en Madrid.<br><a href=\"https:\/\/websitedemos.net\/lotus-spa-02\/services\/?brainstormforce=pTXyytedV9E9TFhT#\" target=\"_blank\" rel=\"noopener\"><\/a><\/p><\/div><\/div>\n\n\n\n<div class=\"wp-block-uagb-buttons uagb-buttons__outer-wrap uagb-btn__default-btn uagb-btn-tablet__default-btn uagb-btn-mobile__default-btn uagb-block-51669df0\"><div class=\"uagb-buttons__wrap uagb-buttons-layout-wrap \">\n<div class=\"wp-block-uagb-buttons-child uagb-buttons__outer-wrap uagb-block-82da3f27 wp-block-button\"><div class=\"uagb-button__wrapper\"><a class=\"uagb-buttons-repeater wp-block-button__link\" aria-label=\"\" href=\"\/marbella-2024\" rel=\"follow noopener\" target=\"_self\" role=\"button\"><span class=\"uagb-button__icon uagb-button__icon-position-before\"><svg xmlns=\"https:\/\/www.w3.org\/2000\/svg\" viewBox=\"0 0 448 512\" aria-hidden=\"true\" focussable=\"false\"><path d=\"M96 32C96 14.33 110.3 0 128 0C145.7 0 160 14.33 160 32V64H288V32C288 14.33 302.3 0 320 0C337.7 0 352 14.33 352 32V64H400C426.5 64 448 85.49 448 112V160H0V112C0 85.49 21.49 64 48 64H96V32zM448 464C448 490.5 426.5 512 400 512H48C21.49 512 0 490.5 0 464V192H448V464z\"><\/path><\/svg><\/span><div class=\"uagb-button__link\">Edici\u00f3n maDRID 2026<\/div><\/a><\/div><\/div>\n<\/div><\/div>\n<\/div><\/div>\n","protected":false},"excerpt":{"rendered":"<p>Categor\u00eda A\u00f1o de nacimiento U10 2011 &amp; 2012 U13 2009 &amp; 2010 U15 2007 &amp; 2008 U17 2005 &amp; 2006<\/p>\n","protected":false},"author":1,"featured_media":0,"parent":0,"menu_order":0,"comment_status":"closed","ping_status":"closed","template":"","meta":{"_uag_custom_page_level_css":"","site-sidebar-layout":"default","site-content-layout":"","ast-site-content-layout":"full-width-container","site-content-style":"default","site-sidebar-style":"default","ast-global-header-display":"","ast-banner-title-visibility":"","ast-main-header-display":"","ast-hfb-above-header-display":"","ast-hfb-below-header-display":"","ast-hfb-mobile-header-display":"","site-post-title":"disabled","ast-breadcrumbs-content":"","ast-featured-img":"","footer-sml-layout":"","theme-transparent-header-meta":"","adv-header-id-meta":"","stick-header-meta":"","header-above-stick-meta":"","header-main-stick-meta":"","header-below-stick-meta":"","astra-migrate-meta-layouts":"set","ast-page-background-enabled":"default","ast-page-background-meta":{"desktop":{"background-color":"var(--ast-global-color-4)","background-image":"","background-repeat":"repeat","background-position":"center center","background-size":"auto","background-attachment":"scroll","background-type":"","background-media":"","overlay-type":"","overlay-color":"","overlay-opacity":"","overlay-gradient":""},"tablet":{"background-color":"","background-image":"","background-repeat":"repeat","background-position":"center center","background-size":"auto","background-attachment":"scroll","background-type":"","background-media":"","overlay-type":"","overlay-color":"","overlay-opacity":"","overlay-gradient":""},"mobile":{"background-color":"","background-image":"","background-repeat":"repeat","background-position":"center center","background-size":"auto","background-attachment":"scroll","background-type":"","background-media":"","overlay-type":"","overlay-color":"","overlay-opacity":"","overlay-gradient":""}},"ast-content-background-meta":{"desktop":{"background-color":"var(--ast-global-color-5)","background-image":"","background-repeat":"repeat","background-position":"center center","background-size":"auto","background-attachment":"scroll","background-type":"","background-media":"","overlay-type":"","overlay-color":"","overlay-opacity":"","overlay-gradient":""},"tablet":{"background-color":"var(--ast-global-color-5)","background-image":"","background-repeat":"repeat","background-position":"center center","background-size":"auto","background-attachment":"scroll","background-type":"","background-media":"","overlay-type":"","overlay-color":"","overlay-opacity":"","overlay-gradient":""},"mobile":{"background-color":"var(--ast-global-color-5)","background-image":"","background-repeat":"repeat","background-position":"center center","background-size":"auto","background-attachment":"scroll","background-type":"","background-media":"","overlay-type":"","overlay-color":"","overlay-opacity":"","overlay-gradient":""}},"_joinchat":[],"footnotes":""},"class_list":["post-102","page","type-page","status-publish","hentry"],"uagb_featured_image_src":{"full":false,"thumbnail":false,"medium":false,"medium_large":false,"large":false,"1536x1536":false,"2048x2048":false},"uagb_author_info":{"display_name":"admin","author_link":"https:\/\/betouco.com\/es\/author\/admin\/"},"uagb_comment_info":0,"uagb_excerpt":"Categor\u00eda A\u00f1o de nacimiento U10 2011 &amp; 2012 U13 2009 &amp; 2010 U15 2007 &amp; 2008 U17 2005 &amp; 2006","_links":{"self":[{"href":"https:\/\/betouco.com\/es\/wp-json\/wp\/v2\/pages\/102","targetHints":{"allow":["GET"]}}],"collection":[{"href":"https:\/\/betouco.com\/es\/wp-json\/wp\/v2\/pages"}],"about":[{"href":"https:\/\/betouco.com\/es\/wp-json\/wp\/v2\/types\/page"}],"author":[{"embeddable":true,"href":"https:\/\/betouco.com\/es\/wp-json\/wp\/v2\/users\/1"}],"replies":[{"embeddable":true,"href":"https:\/\/betouco.com\/es\/wp-json\/wp\/v2\/comments?post=102"}],"version-history":[{"count":61,"href":"https:\/\/betouco.com\/es\/wp-json\/wp\/v2\/pages\/102\/revisions"}],"predecessor-version":[{"id":3001,"href":"https:\/\/betouco.com\/es\/wp-json\/wp\/v2\/pages\/102\/revisions\/3001"}],"wp:attachment":[{"href":"https:\/\/betouco.com\/es\/wp-json\/wp\/v2\/media?parent=102"}],"curies":[{"name":"wp","href":"https:\/\/api.w.org\/{rel}","templated":true}]}}