{"id":125,"date":"2021-01-19T16:26:39","date_gmt":"2021-01-19T16:26:39","guid":{"rendered":"https:\/\/betouco.com\/web\/?page_id=125"},"modified":"2025-11-07T09:47:43","modified_gmt":"2025-11-07T09:47:43","slug":"organizacion-de-torneos-y-eventos-deportivos","status":"publish","type":"page","link":"https:\/\/betouco.com\/es\/organizacion-de-torneos-y-eventos-deportivos\/","title":{"rendered":"Organizaci\u00f3n de torneos y eventos deportivos"},"content":{"rendered":"\n<div class=\"wp-block-uagb-container uagb-block-1850952a alignfull uagb-is-root-container\"><div class=\"uagb-container-inner-blocks-wrap\">\n<div class=\"wp-block-uagb-advanced-heading uagb-block-65456fed\"><h6 class=\"uagb-heading-text\">SERVICIOS<\/h6><\/div>\n\n\n\n<div class=\"wp-block-uagb-info-box uagb-block-d620a051 uagb-infobox__content-wrap  uagb-infobox-icon-above-title uagb-infobox-image-valign-top\"><div class=\"uagb-ifb-content\"><div class=\"uagb-ifb-title-wrap\"><h1 class=\"uagb-ifb-title\">Organizaci\u00f3n de eventos deportivos<\/h1><\/div><\/div><\/div>\n<\/div><\/div>\n\n\n\n<div class=\"wp-block-uagb-container uagb-block-2ebf56f7 alignfull uagb-is-root-container\"><div class=\"uagb-container-inner-blocks-wrap\">\n<div class=\"wp-block-uagb-container uagb-block-84204015\">\n<div class=\"wp-block-uagb-container uagb-block-f7fd79e5\">\n<div class=\"wp-block-uagb-info-box uagb-block-50d5df87 uagb-infobox__content-wrap  uagb-infobox-icon-above-title uagb-infobox-image-valign-top\"><div class=\"uagb-ifb-content\"><div class=\"uagb-ifb-title-wrap\"><h3 class=\"uagb-ifb-title\">Somos l\u00edderes en la organizaci\u00f3n de torneos deportivos<\/h3><\/div><p class=\"uagb-ifb-desc\">Best Tournament Company es una empresa l\u00edder en la organizaci\u00f3n de torneos deportivos de todo tipo adaptados a cualquier p\u00fablico, desde ni\u00f1os hasta adultos e incluso empresas. <br><br>Nos enorgullece ofrecer una experiencia \u00fanica para nuestros participantes, asegur\u00e1ndonos de que cada evento sea memorable y divertido para todos los involucrados porque nuestro objetivo es la organizaci\u00f3n de eventos de calidad. Si tienes una idea en mente\u2026 Te asesoramos sin compromiso.<br><br>Somos&nbsp;una&nbsp;empresa especializada en la organizaci\u00f3n de torneos y eventos deportivos a nivel nacional e internacional, expertos en dise\u00f1ar, planificar,&nbsp;analizar y producir&nbsp;el proceso completo de cualquier tipo de organizaci\u00f3n de torneo o evento deportivo, realizando presupuestos reales,&nbsp;competitivos&nbsp;y sin sorpresas. <br><br>En Best Tournament Company, no solo nos enfocamos en el juego en s\u00ed, sino que tambi\u00e9n prestamos atenci\u00f3n a las actividades que se pueden realizar paralelamente fuera del terreno de juego. Sabemos que la interacci\u00f3n social es igual de importante que el juego en s\u00ed, por lo que nos aseguramos de proporcionar actividades adicionales para que los participantes puedan disfrutar de la experiencia completa. Para ello, impulsamos actividades que favorezcan la conciencia medioambiental, intercambio cultural y otras m\u00e1s distendidas.<br><br>Ofrecemos todo tipo de servicios en la organizaci\u00f3n de eventos deportivos, socioculturales y de animaci\u00f3n: gesti\u00f3n de torneos, team building, ligas de empresa, conciertos o talleres. <br><br>De cara a organizar un torneo para una empresa, equipo deportivo o simplemente para un grupo de amigos, Best Tournament Company es la elecci\u00f3n perfecta. Nuestro equipo de expertos se encargar\u00e1 de todo, desde la planificaci\u00f3n y coordinaci\u00f3n hasta la ejecuci\u00f3n del evento en s\u00ed, asegur\u00e1ndonos de que todo salga a la perfecci\u00f3n.<\/p><\/div><\/div>\n<\/div>\n\n\n\n<div class=\"wp-block-uagb-container uagb-block-3f810465\">\n<div class=\"wp-block-uagb-image uagb-block-55123037 wp-block-uagb-image--layout-default wp-block-uagb-image--effect-static wp-block-uagb-image--align-none\"><figure class=\"wp-block-uagb-image__figure\"><img decoding=\"async\" data-srcset=\"https:\/\/betouco.com\/wp-content\/uploads\/2021\/12\/b-1024x682.jpg ,https:\/\/betouco.com\/wp-content\/uploads\/2021\/12\/b.jpg 780w, https:\/\/betouco.com\/wp-content\/uploads\/2021\/12\/b.jpg 360w\" data-sizes=\"auto, (max-width: 480px) 150px\" data-src=\"https:\/\/betouco.com\/wp-content\/uploads\/2021\/12\/b-1024x682.jpg\" alt=\"\" class=\"uag-image-442 lazyload\" width=\"611\" height=\"407\" title=\"b\" role=\"img\" src=\"data:image\/svg+xml;base64,PHN2ZyB3aWR0aD0iMSIgaGVpZ2h0PSIxIiB4bWxucz0iaHR0cDovL3d3dy53My5vcmcvMjAwMC9zdmciPjwvc3ZnPg==\" style=\"--smush-placeholder-width: 611px; --smush-placeholder-aspect-ratio: 611\/407;\" \/><\/figure><\/div>\n<\/div>\n<\/div>\n<\/div><\/div>\n","protected":false},"excerpt":{"rendered":"<p>SERVICIOS<\/p>\n","protected":false},"author":1,"featured_media":0,"parent":0,"menu_order":0,"comment_status":"closed","ping_status":"closed","template":"","meta":{"_uag_custom_page_level_css":"","site-sidebar-layout":"default","site-content-layout":"","ast-site-content-layout":"full-width-container","site-content-style":"default","site-sidebar-style":"default","ast-global-header-display":"","ast-banner-title-visibility":"","ast-main-header-display":"","ast-hfb-above-header-display":"","ast-hfb-below-header-display":"","ast-hfb-mobile-header-display":"","site-post-title":"disabled","ast-breadcrumbs-content":"","ast-featured-img":"","footer-sml-layout":"","theme-transparent-header-meta":"disabled","adv-header-id-meta":"","stick-header-meta":"","header-above-stick-meta":"","header-main-stick-meta":"","header-below-stick-meta":"","astra-migrate-meta-layouts":"set","ast-page-background-enabled":"default","ast-page-background-meta":{"desktop":{"background-color":"var(--ast-global-color-4)","background-image":"","background-repeat":"repeat","background-position":"center center","background-size":"auto","background-attachment":"scroll","background-type":"","background-media":"","overlay-type":"","overlay-color":"","overlay-opacity":"","overlay-gradient":""},"tablet":{"background-color":"","background-image":"","background-repeat":"repeat","background-position":"center center","background-size":"auto","background-attachment":"scroll","background-type":"","background-media":"","overlay-type":"","overlay-color":"","overlay-opacity":"","overlay-gradient":""},"mobile":{"background-color":"","background-image":"","background-repeat":"repeat","background-position":"center center","background-size":"auto","background-attachment":"scroll","background-type":"","background-media":"","overlay-type":"","overlay-color":"","overlay-opacity":"","overlay-gradient":""}},"ast-content-background-meta":{"desktop":{"background-color":"var(--ast-global-color-5)","background-image":"","background-repeat":"repeat","background-position":"center center","background-size":"auto","background-attachment":"scroll","background-type":"","background-media":"","overlay-type":"","overlay-color":"","overlay-opacity":"","overlay-gradient":""},"tablet":{"background-color":"var(--ast-global-color-5)","background-image":"","background-repeat":"repeat","background-position":"center center","background-size":"auto","background-attachment":"scroll","background-type":"","background-media":"","overlay-type":"","overlay-color":"","overlay-opacity":"","overlay-gradient":""},"mobile":{"background-color":"var(--ast-global-color-5)","background-image":"","background-repeat":"repeat","background-position":"center center","background-size":"auto","background-attachment":"scroll","background-type":"","background-media":"","overlay-type":"","overlay-color":"","overlay-opacity":"","overlay-gradient":""}},"_joinchat":[],"footnotes":""},"class_list":["post-125","page","type-page","status-publish","hentry"],"uagb_featured_image_src":{"full":false,"thumbnail":false,"medium":false,"medium_large":false,"large":false,"1536x1536":false,"2048x2048":false},"uagb_author_info":{"display_name":"admin","author_link":"https:\/\/betouco.com\/es\/author\/admin\/"},"uagb_comment_info":0,"uagb_excerpt":"SERVICIOS","_links":{"self":[{"href":"https:\/\/betouco.com\/es\/wp-json\/wp\/v2\/pages\/125","targetHints":{"allow":["GET"]}}],"collection":[{"href":"https:\/\/betouco.com\/es\/wp-json\/wp\/v2\/pages"}],"about":[{"href":"https:\/\/betouco.com\/es\/wp-json\/wp\/v2\/types\/page"}],"author":[{"embeddable":true,"href":"https:\/\/betouco.com\/es\/wp-json\/wp\/v2\/users\/1"}],"replies":[{"embeddable":true,"href":"https:\/\/betouco.com\/es\/wp-json\/wp\/v2\/comments?post=125"}],"version-history":[{"count":20,"href":"https:\/\/betouco.com\/es\/wp-json\/wp\/v2\/pages\/125\/revisions"}],"predecessor-version":[{"id":3057,"href":"https:\/\/betouco.com\/es\/wp-json\/wp\/v2\/pages\/125\/revisions\/3057"}],"wp:attachment":[{"href":"https:\/\/betouco.com\/es\/wp-json\/wp\/v2\/media?parent=125"}],"curies":[{"name":"wp","href":"https:\/\/api.w.org\/{rel}","templated":true}]}}