{"id":196,"date":"2021-02-03T21:08:54","date_gmt":"2021-02-03T21:08:54","guid":{"rendered":"https:\/\/betouco.com\/web\/?page_id=196"},"modified":"2021-02-11T23:38:22","modified_gmt":"2021-02-11T23:38:22","slug":"aviso-legal","status":"publish","type":"page","link":"https:\/\/betouco.com\/es\/aviso-legal\/","title":{"rendered":"Aviso legal"},"content":{"rendered":"\n<p><strong>AVISO LEGAL Y POLITICA DE PRIVACIDAD<\/strong><\/p>\n\n\n\n<p><strong>AVISO LEGAL<\/strong><\/p>\n\n\n\n<p><strong>CONDICIONES DE USO:<\/strong><\/p>\n\n\n\n<p>La presente p\u00e1gina Web ha sido dise\u00f1ada por la entidad Best Tournaments Company S.L., C\/ Jos\u00e9 Abascal, n\u00ba 52, Planta 7, Puerta Dcha., Madrid, C.P. 28003, Espa\u00f1a, para dar a conocer los servicios ofertados, con fines meramente informativos, as\u00ed como para la recepci\u00f3n de posibles clientes, contactos comerciales y demandas de empleo.<\/p>\n\n\n\n<p>La web contiene contenidos elaborados por los titulares de la misma, y \u00e9stos podr\u00edan no reflejar la actualidad m\u00e1s reciente, por lo que en cualquier momento dichos contenidos podr\u00e1n ser modificados y\/o sustituidos por unos nuevos, sin notificaci\u00f3n previa, ni responsabilidad alguna.<\/p>\n\n\n\n<p>Los Contenidos de la web no pueden ser considerados, en ning\u00fan caso, como sustitutivos de asesoramiento legal, ni de ning\u00fan otro tipo de asesoramiento. No existir\u00e1 ning\u00fan tipo de relaci\u00f3n comercial, profesional, ni ning\u00fan tipo de relaci\u00f3n de otra \u00edndole con los profesionales que integran la web por el mero hecho del acceso a ella por parte de los usuarios.<\/p>\n\n\n\n<p>Esta web no garantiza ni la rapidez ni la no interrupci\u00f3n. Asimismo, el titular de la web y colaboradores, tampoco podr\u00e1n ser considerados responsables por cualesquiera da\u00f1os derivados de la utilizaci\u00f3n de esta web, ni por cualquier actuaci\u00f3n realizada sobre la base de la informaci\u00f3n que en ella se facilita.<\/p>\n\n\n\n<p>Aunque ponemos todos los medios posibles para la seguridad del sitio web, no se garantiza la ausencia de virus u otros elementos lesivos que pudieran causar da\u00f1os o alteraciones en el sistema inform\u00e1tico, en los documentos electr\u00f3nicos o en los ficheros del usuario de este sitio web. En consecuencia, no se responde por los da\u00f1os y perjuicios que tales elementos pudieran ocasionar al usuario o a terceros.<\/p>\n\n\n\n<p><strong>PROPIEDAD INTELECTUAL E INDUSTRIAL:<\/strong><\/p>\n\n\n\n<p>Los derechos de propiedad intelectual de la p\u00e1gina www.btouco.com, su c\u00f3digo fuente, dise\u00f1o, estructuras de navegaci\u00f3n y los distintos elementos en ella contenidos son titularidad de Best Tournaments Company S.L., a quien corresponde el ejercicio exclusivo de los derechos de explotaci\u00f3n de los mismos en cualquier forma y, en especial, los derechos de reproducci\u00f3n, distribuci\u00f3n, comunicaci\u00f3n p\u00fablica y transformaci\u00f3n, de acuerdo con la legislaci\u00f3n espa\u00f1ola y de la uni\u00f3n europea aplicable.<\/p>\n\n\n\n<p>El portal de Best Tournaments Company S.L., las p\u00e1ginas que comprende y la informaci\u00f3n o elementos contenidos en las mismas, incluyen textos, documentos, fotograf\u00edas, dibujos, representaciones gr\u00e1ficas, programas inform\u00e1ticos, as\u00ed como logotipos, marcas, nombres comerciales, u otros signos distintivos, protegidos por derechos de propiedad intelectual o industrial, de los que Best Tournaments Company S.L. son titulares o leg\u00edtimas licenciatarias.<\/p>\n\n\n\n<p><strong>CONTENIDOS:<\/strong><\/p>\n\n\n\n<p><br>Se facilita a trav\u00e9s de esta Web informaci\u00f3n acerca de servicios destinados a conocimiento p\u00fablico que en todo caso se sujetar\u00e1n a los t\u00e9rminos y condiciones expresamente detallados en cada momento y que son accesibles desde esta p\u00e1gina Web, los cuales se sujetar\u00e1n a las distintas disposiciones legales de aplicaci\u00f3n.<\/p>\n\n\n\n<p><strong>ACCESO Y USO:<\/strong><\/p>\n\n\n\n<p>Tanto el acceso a esta p\u00e1gina Web, como el uso que pueda hacerse de la informaci\u00f3n y contenidos incluidos en la misma, ser\u00e1 de la exclusiva responsabilidad de quien lo realice.<\/p>\n\n\n\n<p>Las condiciones de acceso a este Web estar\u00e1n supeditadas a la legalidad vigente y los principios de la buena fe y uso l\u00edcito por parte del usuario de la misma, quedando prohibido con car\u00e1cter general cualquier tipo de actuaci\u00f3n en perjuicio de Best Tournaments Company S.L..<\/p>\n\n\n\n<p>Se considerar\u00e1 terminantemente prohibido el uso de la presente p\u00e1gina Web con fines ilegales o no autorizados.<\/p>\n\n\n\n<p>Queda prohibida cualquier modalidad de explotaci\u00f3n, incluyendo todo tipo de reproducci\u00f3n, distribuci\u00f3n, cesi\u00f3n a terceros, comunicaci\u00f3n p\u00fablica y transformaci\u00f3n, mediante cualquier tipo de soporte y medio, de las obras antes referidas, creaciones y signos distintivos sin autorizaci\u00f3n previa y expresa de sus respectivos titulares. El incumplimiento de esta prohibici\u00f3n podr\u00e1 constituir infracci\u00f3n sancionable por la legislaci\u00f3n vigente.<\/p>\n\n\n\n<p>No obstante, por su cuenta y riesgo, el usuario podr\u00e1 descargar o realizar copia de tales elementos exclusivamente para su uso personal, siempre que no infrinja ninguno de los derechos de propiedad intelectual o industrial de Best Tournaments Company S.L., ni los altere total o parcialmente. En ning\u00fan caso, ello significar\u00e1 una autorizaci\u00f3n o licencia sobre los derechos de propiedad de Best Tournaments Company S.L..<\/p>\n\n\n\n<p>Queda prohibido, salvo en los casos que expresamente lo autorice Best Tournaments Company S.L., presentar las p\u00e1ginas de Best Tournaments Company S.L., o la informaci\u00f3n contenida en ellas bajo frames o marcos, signos distintivos, marcas o denominaciones sociales o comerciales de otra persona, empresa o entidad.<\/p>\n\n\n\n<p><strong>RESPONSABILIDAD:<\/strong><\/p>\n\n\n\n<p><br>Best Tournaments Company S.L. no se hace responsable bajo ning\u00fan concepto por ning\u00fan tipo de da\u00f1o que pudiesen ocasionar los Usuarios a la presente p\u00e1gina Web, o a cualquier otra, por el uso ilegal o indebido de la misma, o de los contenidos e informaciones accesibles o facilitadas a trav\u00e9s de ella. El usuario cuando accede a la web, lo hace por su propia cuenta y riesgo.<\/p>\n\n\n\n<p><strong>SERVICIO:<\/strong><\/p>\n\n\n\n<p><br>Best Tournaments Company S.L. se reserva el derecho de suspender el acceso a su p\u00e1gina Web, sin previo aviso, de forma discrecional y temporal, por razones t\u00e9cnicas o de cualquier otra \u00edndole, pudiendo asimismo modificar unilateralmente tanto las condiciones de acceso, como la totalidad o parte de los contenidos en ella incluidos.<\/p>\n\n\n\n<p><strong>GENERALES:<\/strong><\/p>\n\n\n\n<p><br>Para toda cuesti\u00f3n litigiosa o que incumba a la P\u00e1gina Web de Best Tournaments Company S.L., ser\u00e1 de aplicaci\u00f3n la legislaci\u00f3n espa\u00f1ola, siendo competentes para la resoluci\u00f3n de todos los conflictos derivados o relacionados con el uso de esta p\u00e1gina Web, los Juzgados y Tribunales del domicilio del usuario. El acceso a la p\u00e1gina Web de Best Tournaments Company S.L. implica la aceptaci\u00f3n de todas las condiciones anteriormente expresadas.<\/p>\n\n\n\n<p><strong>HIPERENLACES:<\/strong><\/p>\n\n\n\n<p><br>Los hiperenlaces que se pudieran contener en el sitio Web de Best Tournaments Company S.L. podr\u00edan dirigir a p\u00e1ginas Web de terceros. Best Tournaments Company S.L. no asume ninguna responsabilidad por el contenido, informaciones o servicios que pudieran aparecer en dichos sitios, que tendr\u00e1n exclusivamente car\u00e1cter informativo y que en ning\u00fan caso implican relaci\u00f3n alguna entre Best Tournaments Company S.L. y a las personas o entidades titulares de tales contenidos o titulares de los sitios donde se encuentren.<\/p>\n\n\n\n<p><strong>POLITICA DE PRIVACIDAD<\/strong><\/p>\n\n\n\n<figure class=\"wp-block-table\"><table><tbody><tr><td><strong>Informaci\u00f3n B\u00e1sica sobre Protecci\u00f3n de datos<\/strong><\/td><\/tr><tr><td><strong>Responsable:<\/strong><\/td><td>Best Tournaments Company S.L.<\/td><\/tr><tr><td><strong>Finalidad:<\/strong><\/td><td>Atender su solicitud.<\/td><\/tr><tr><td><strong>Legitimaci\u00f3n:<\/strong><\/td><td>Ejecuci\u00f3n de un contrato y consentimiento del interesado.<\/td><\/tr><tr><td><strong>Destinatarios:<\/strong><\/td><td>No se ceder\u00e1n datos a terceros, salvo obligaci\u00f3n legal.<\/td><\/tr><tr><td><strong>Derechos:<\/strong><\/td><td>Tiene derecho a acceder, rectificar y suprimir los datos, as\u00ed como otros derechos, indicados en la informaci\u00f3n adicional, que puede ejercer dirigi\u00e9ndose a Best Tournaments Company S.L., C\/ Jos\u00e9 Abascal, n\u00ba 52, Planta 7, Puerta Dcha., Madrid, C.P. 28003, Espa\u00f1a.<\/td><\/tr><\/tbody><\/table><\/figure>\n\n\n\n<p><strong>GENERAL:<\/strong><\/p>\n\n\n\n<p>A los efectos de lo previsto en el Reglamento Europeo de Protecci\u00f3n de Datos UE 2016\/679, de 27 de Abril (RGPD), en la Ley Org\u00e1nica 3\/2018, de 5 de Diciembre, de Protecci\u00f3n de Datos Personales y Garant\u00eda de los Derechos Digitales (LOPDGDD) y resto de la normativa nacional vigente, Best Tournaments Company S.L., le informa que cumple \u00edntegramente con la legislaci\u00f3n vigente en materia de protecci\u00f3n de datos de car\u00e1cter personal, y con los compromisos de confidencialidad propios de su actividad.<\/p>\n\n\n\n<p>Best Tournaments Company S.L. pone en su conocimiento la existencia de un sistema de tratamiento de la informaci\u00f3n, titularidad de Best Tournaments Company S.L., para las finalidades propias de gesti\u00f3n, comunicaci\u00f3n e informaci\u00f3n. El citado sistema se encuentra descrito en el correspondiente Registro de Actividades de Tratamiento, al que puede acceder el usuario para comprobar la situaci\u00f3n de sus datos.<\/p>\n\n\n\n<p><strong>MEDIDAS Y NIVELES DE SEGURIDAD:<\/strong><\/p>\n\n\n\n<p>Best Tournaments Company S.L. ha adoptado las medidas necesarias para garantizar la seguridad de la informaci\u00f3n, tal y como exige el art. 32 del RGPD, seg\u00fan la naturaleza de los datos personales tratados y las circunstancias del tratamiento, con el objeto de evitar, en la medida de lo posible y siempre seg\u00fan el estado de la t\u00e9cnica, su alteraci\u00f3n, p\u00e9rdida, tratamiento o acceso no autorizado, garantizando con ello la confidencialidad, integridad y disponibilidad de los mismos.<\/p>\n\n\n\n<p><strong>AMBITO DE APLICACI\u00d3N:<\/strong><\/p>\n\n\n\n<p>Las medidas de seguridad que el Best Tournaments Company S.L. tenga descritas en el Registro de Actividades de Tratamiento ser\u00e1n aplicadas al conjunto de activos del sistema de tratamiento de la informaci\u00f3n en el que se traten los datos de car\u00e1cter personal, con el objeto de dar cumplimiento a la legislaci\u00f3n vigente en materia de protecci\u00f3n de datos.<\/p>\n\n\n\n<p>Todo el personal contratado por Best Tournaments Company S.L. y sus Encargados de Tratamiento, est\u00e1n obligados al cumplimiento de la citada normativa, con especial atenci\u00f3n en lo relativo a sus funciones y obligaciones, incluido el deber de secreto, que ser\u00e1n debidamente determinadas por Best Tournaments Company S.L..<\/p>\n\n\n\n<p><strong>RECOGIDA DE DATOS:<\/strong><\/p>\n\n\n\n<p>La aceptaci\u00f3n de las presentes condiciones, precisa del usuario la recogida de unos datos imprescindibles para la prestaci\u00f3n de sus servicios, que le ser\u00e1n solicitados personalmente a trav\u00e9s de formularios o de la p\u00e1gina Web. En el momento de la recogida de los datos, el usuario ser\u00e1 debidamente informado de los derechos que le asisten.<\/p>\n\n\n\n<p>Para que la informaci\u00f3n que contiene nuestro sistema de tratamiento est\u00e9 siempre actualizada y no contenga errores, pedimos a nuestros clientes y usuarios que nos comuniquen, a la mayor brevedad posible, las modificaciones y rectificaciones de sus datos de car\u00e1cter personal.<\/p>\n\n\n\n<p><strong>EJERCICIO DE DERECHOS:<\/strong><\/p>\n\n\n\n<p>Para ejercitar los Derechos de acceso, oposici\u00f3n, rectificaci\u00f3n, cancelaci\u00f3n o supresi\u00f3n, revocaci\u00f3n del consentimiento, limitaci\u00f3n del tratamiento de los datos y portabilidad, deber\u00e1n dirigirse por escrito a Best Tournaments Company S.L., C\/ Jos\u00e9 Abascal, n\u00ba 52, Planta 7, Puerta Dcha., Madrid, C.P. 28003, Espa\u00f1a, mediante comunicaci\u00f3n por escrito. Tambi\u00e9n puede presentar reclamaci\u00f3n ante la AEPD.<\/p>\n\n\n\n<p><strong>CONSENTIMIENTO:<\/strong><\/p>\n\n\n\n<p>El usuario prestar\u00e1 su consentimiento para que Best Tournaments Company S.L. pueda hacer uso de sus datos personales a fin de prestar un correcto cumplimiento de los servicios contratados.<\/p>\n\n\n\n<p>La cumplimentaci\u00f3n del formulario incluido en el sitio o el env\u00edo de correos electr\u00f3nicos u otras comunicaciones a Best Tournaments Company S.L., implica el consentimiento expreso del usuario a la inclusi\u00f3n de sus datos de car\u00e1cter personal en el referido sistema de tratamiento, titularidad de Best Tournaments Company S.L..<\/p>\n\n\n\n<p>Al tiempo de la petici\u00f3n de esta informaci\u00f3n, se comunicar\u00e1 al cliente o usuario del destinatario de la informaci\u00f3n, de la finalidad para la cual se recogen los datos, de la identidad y direcci\u00f3n de Best Tournaments Company S.L. y de la facultad del usuario de ejercitar los derechos de acceso, oposici\u00f3n, rectificaci\u00f3n, cancelaci\u00f3n o supresi\u00f3n, revocaci\u00f3n del consentimiento, limitaci\u00f3n del tratamiento de los datos y portabilidad, y a presentar reclamaci\u00f3n ante la AEPD.<\/p>\n\n\n\n<p><strong>CESI\u00d3N A TERCEROS:<\/strong><\/p>\n\n\n\n<p>Best Tournaments Company S.L. no cede datos de car\u00e1cter personal sin el consentimiento expreso de sus titulares, que deber\u00e1 ser concedido en cada ocasi\u00f3n, siendo s\u00f3lo cedidos con la finalidad expresada y siempre con el consentimiento del usuario o cliente.<\/p>\n\n\n\n<p><strong>ENV\u00cdO CURRICULUM VITAE<\/strong><\/p>\n\n\n\n<p>En el supuesto de que el usuario env\u00ede su CV a trav\u00e9s de nuestra web o de nuestras redes sociales, le informamos que los datos aportados ser\u00e1n tratados para hacerlo part\u00edcipe de los procesos de selecci\u00f3n que pueda haber en la entidad, llevando a cabo un an\u00e1lisis del perfil del solicitante con el objetivo de seleccionar el mejor candidato para el lugar vacante del responsable.<\/p>\n\n\n\n<p>Los datos se conservar\u00e1n durante un plazo m\u00e1ximo de 2 a\u00f1os, transcurrido el cual se proceder\u00e1 a la supresi\u00f3n de los datos garantiz\u00e1ndole un total respecto a la confidencialidad tanto en el tratamiento como en su posterior destrucci\u00f3n. En este sentido, transcurrido el mencionado plazo, y si desea continuar participando en los procesos de selecci\u00f3n del responsable, le rogamos nos remita nuevamente su curr\u00edculum.<\/p>\n\n\n\n<p>En caso de producirse alguna modificaci\u00f3n en los datos, le rogamos nos lo comunique por escrito lo m\u00e1s ante posible, con objeto de mantener sus datos debidamente actualizados.<\/p>\n\n\n\n<p>Los datos se podr\u00e1n tratar y\/o comunicar a las empresas integrantes de nuestro grupo durante el tiempo de conservaci\u00f3n de su curr\u00edculum y para los mismos fines antes informados.<\/p>\n\n\n\n<p><strong>CONFIDENCIALIDAD Y SECRETO PROFESIONAL:<\/strong><\/p>\n\n\n\n<p>Los datos recogidos en todas las comunicaciones privadas entre Best Tournaments Company S.L. y los clientes o usuarios ser\u00e1n tratados con absoluta confidencialidad, comprometi\u00e9ndose Best Tournaments Company S.L., a la obligaci\u00f3n de secreto de los datos de car\u00e1cter personal, a su deber de guardarlos y adoptar todas las medidas necesarias que eviten su alteraci\u00f3n, p\u00e9rdida y tratamiento o acceso no autorizado, de acuerdo con lo establecido en la normativa vigente.<\/p>\n\n\n\n<p>Adem\u00e1s, tambi\u00e9n tendr\u00e1 la condici\u00f3n de confidencial la informaci\u00f3n de cualquier tipo que las partes intercambien entre s\u00ed, aquella que estas acuerden que tiene tal naturaleza, o la que simplemente verse sobre el contenido de dicha informaci\u00f3n. La visualizaci\u00f3n de datos a trav\u00e9s de Internet, no supondr\u00e1 el acceso directo a los mismos, salvo consentimiento expreso de su titular para cada ocasi\u00f3n.<\/p>\n\n\n\n<p>Recomendamos al usuario que no facilite a tercero alguno su identificaci\u00f3n, contrase\u00f1a o n\u00fameros de referencia que Best Tournaments Company S.L. pudiera proporcionarle. Asimismo, para garantizar que la protecci\u00f3n del secreto profesional entre Best Tournaments Company S.L. y el cliente se preserve en todas las comunicaciones, el cliente\/usuario no debe revelar la informaci\u00f3n confidencial a terceros.<\/p>\n\n\n\n<p><strong>CAMBIOS EN LA POL\u00cdTICA DE SEGURIDAD Y DE PROTECCI\u00d3N DE DATOS:<\/strong><\/p>\n\n\n\n<p>Best Tournaments Company S.L. se reserva el derecho de modificar su pol\u00edtica de seguridad y protecci\u00f3n de datos con el objeto de adaptarlo a las novedades legislativas o jurisprudenciales, as\u00ed como las que pudieran derivarse de c\u00f3digos tipo existentes en la materia, o por decisiones corporativas estrat\u00e9gicas, con efectos de la fecha de publicaci\u00f3n de dicha modificaci\u00f3n en la p\u00e1gina Web de Best Tournaments Company S.L..<\/p>\n\n\n\n<p><strong>DIRECCI\u00d3N DE CONTACTO:<\/strong><\/p>\n\n\n\n<p>El presente sitio Web es gestionado por Best Tournaments Company S.L., con CIF B88492210, inscrita en el Registro Mercantil de Madrid, Tomo 39846, Folio 60, Inscripci\u00f3n 1, Hoja M-707887.<\/p>\n\n\n\n<p>E-MAIL: <a href=\"mailto:contactme@betouco.com\">contactme@betouco.com<\/a><\/p>\n\n\n\n<p>El sistema de tratamiento de la informaci\u00f3n creado, est\u00e1 ubicado en el domicilio social, el cual queda establecido a los efectos del presente Aviso Legal, en Best Tournaments Company S.L., C\/ Jos\u00e9 Abascal, n\u00ba 52, Planta 7, Puerta Dcha., Madrid, C.P. 28003, Espa\u00f1a; bajo la supervisi\u00f3n y control de Best Tournaments Company S.L., quien asume la responsabilidad en la adopci\u00f3n de medidas de seguridad de \u00edndole t\u00e9cnica y organizativa para proteger la confidencialidad e integridad de la informaci\u00f3n, de acuerdo con lo establecido en el Reglamento Europeo de Protecci\u00f3n de Datos UE 2016\/679, de 27 de Abril, del Parlamento y el Consejo; la Ley Org\u00e1nica 3\/2018, de 5 de Diciembre, de Protecci\u00f3n de Datos y Garant\u00eda de los Derechos Digitales y resto de la normativa nacional vigente y dem\u00e1s legislaci\u00f3n aplicable.<\/p>\n\n\n\n<p>Best Tournaments Company S.L. a tenor de la Ley 34\/2002, de Servicios de la Sociedad de la Informaci\u00f3n y del Comercio Electr\u00f3nico, les comunica que la acepci\u00f3n amplia de dicha Ley, engloba entre estos servicios el suministro de informaci\u00f3n por dicho medio. En todo caso, ser\u00e1 de aplicaci\u00f3n el Reglamento Europeo de Protecci\u00f3n de Datos UE 2016\/679, de 27 de Abril, la Ley Org\u00e1nica 3\/2018, de 5 de Diciembre, de Protecci\u00f3n de Datos Personales y Garant\u00eda de los Derechos Digitales, el resto de la normativa nacional vigente y su normativa de desarrollo, en especial, en lo que se refiere a la obtenci\u00f3n de datos personales, la informaci\u00f3n a los interesados y la creaci\u00f3n y mantenimiento de ficheros de datos personales.<\/p>\n","protected":false},"excerpt":{"rendered":"<p>AVISO LEGAL Y POLITICA DE PRIVACIDAD AVISO LEGAL CONDICIONES DE USO: La presente p\u00e1gina Web ha sido dise\u00f1ada por la entidad Best Tournaments Company S.L., C\/ Jos\u00e9 Abascal, n\u00ba 52, Planta 7, Puerta Dcha., Madrid, C.P. 28003, Espa\u00f1a, para dar a conocer los servicios ofertados, con fines meramente informativos, as\u00ed como para la recepci\u00f3n de [&hellip;]<\/p>\n","protected":false},"author":1,"featured_media":0,"parent":0,"menu_order":0,"comment_status":"closed","ping_status":"closed","template":"page-fullwidth.php","meta":{"_uag_custom_page_level_css":"","site-sidebar-layout":"default","site-content-layout":"","ast-site-content-layout":"default","site-content-style":"default","site-sidebar-style":"default","ast-global-header-display":"","ast-banner-title-visibility":"","ast-main-header-display":"","ast-hfb-above-header-display":"","ast-hfb-below-header-display":"","ast-hfb-mobile-header-display":"","site-post-title":"","ast-breadcrumbs-content":"","ast-featured-img":"","footer-sml-layout":"","theme-transparent-header-meta":"","adv-header-id-meta":"","stick-header-meta":"","header-above-stick-meta":"","header-main-stick-meta":"","header-below-stick-meta":"","astra-migrate-meta-layouts":"default","ast-page-background-enabled":"default","ast-page-background-meta":{"desktop":{"background-color":"var(--ast-global-color-4)","background-image":"","background-repeat":"repeat","background-position":"center center","background-size":"auto","background-attachment":"scroll","background-type":"","background-media":"","overlay-type":"","overlay-color":"","overlay-opacity":"","overlay-gradient":""},"tablet":{"background-color":"","background-image":"","background-repeat":"repeat","background-position":"center center","background-size":"auto","background-attachment":"scroll","background-type":"","background-media":"","overlay-type":"","overlay-color":"","overlay-opacity":"","overlay-gradient":""},"mobile":{"background-color":"","background-image":"","background-repeat":"repeat","background-position":"center center","background-size":"auto","background-attachment":"scroll","background-type":"","background-media":"","overlay-type":"","overlay-color":"","overlay-opacity":"","overlay-gradient":""}},"ast-content-background-meta":{"desktop":{"background-color":"var(--ast-global-color-5)","background-image":"","background-repeat":"repeat","background-position":"center center","background-size":"auto","background-attachment":"scroll","background-type":"","background-media":"","overlay-type":"","overlay-color":"","overlay-opacity":"","overlay-gradient":""},"tablet":{"background-color":"var(--ast-global-color-5)","background-image":"","background-repeat":"repeat","background-position":"center center","background-size":"auto","background-attachment":"scroll","background-type":"","background-media":"","overlay-type":"","overlay-color":"","overlay-opacity":"","overlay-gradient":""},"mobile":{"background-color":"var(--ast-global-color-5)","background-image":"","background-repeat":"repeat","background-position":"center center","background-size":"auto","background-attachment":"scroll","background-type":"","background-media":"","overlay-type":"","overlay-color":"","overlay-opacity":"","overlay-gradient":""}},"_joinchat":[],"footnotes":""},"class_list":["post-196","page","type-page","status-publish","hentry"],"uagb_featured_image_src":{"full":false,"thumbnail":false,"medium":false,"medium_large":false,"large":false,"1536x1536":false,"2048x2048":false},"uagb_author_info":{"display_name":"admin","author_link":"https:\/\/betouco.com\/es\/author\/admin\/"},"uagb_comment_info":0,"uagb_excerpt":"AVISO LEGAL Y POLITICA DE PRIVACIDAD AVISO LEGAL CONDICIONES DE USO: La presente p\u00e1gina Web ha sido dise\u00f1ada por la entidad Best Tournaments Company S.L., C\/ Jos\u00e9 Abascal, n\u00ba 52, Planta 7, Puerta Dcha., Madrid, C.P. 28003, Espa\u00f1a, para dar a conocer los servicios ofertados, con fines meramente informativos, as\u00ed como para la recepci\u00f3n de&hellip;","_links":{"self":[{"href":"https:\/\/betouco.com\/es\/wp-json\/wp\/v2\/pages\/196","targetHints":{"allow":["GET"]}}],"collection":[{"href":"https:\/\/betouco.com\/es\/wp-json\/wp\/v2\/pages"}],"about":[{"href":"https:\/\/betouco.com\/es\/wp-json\/wp\/v2\/types\/page"}],"author":[{"embeddable":true,"href":"https:\/\/betouco.com\/es\/wp-json\/wp\/v2\/users\/1"}],"replies":[{"embeddable":true,"href":"https:\/\/betouco.com\/es\/wp-json\/wp\/v2\/comments?post=196"}],"version-history":[{"count":3,"href":"https:\/\/betouco.com\/es\/wp-json\/wp\/v2\/pages\/196\/revisions"}],"predecessor-version":[{"id":270,"href":"https:\/\/betouco.com\/es\/wp-json\/wp\/v2\/pages\/196\/revisions\/270"}],"wp:attachment":[{"href":"https:\/\/betouco.com\/es\/wp-json\/wp\/v2\/media?parent=196"}],"curies":[{"name":"wp","href":"https:\/\/api.w.org\/{rel}","templated":true}]}}